{"id":1411,"date":"2012-09-25T02:59:17","date_gmt":"2012-09-25T05:59:17","guid":{"rendered":"http:\/\/www.projeto676.com.br\/?page_id=1411"},"modified":"2012-09-25T02:59:17","modified_gmt":"2012-09-25T05:59:17","slug":"no-toca-fitas","status":"publish","type":"page","link":"https:\/\/legal.adv.br\/projeto676\/no-toca-fitas\/","title":{"rendered":"No toca-fitas"},"content":{"rendered":"<p style=\"text-align: center;\"><img decoding=\"async\" style=\"vertical-align: middle;\" title=\"\" src=\"http:\/\/www.legal.adv.br\/projeto676\/img\/refs\/toca-fitas.jpg\" alt=\"\" width=\"250\" \/><\/p>\n<p style=\"text-align: justify;\">Vamos combinar que Opala que \u00e9 Opala deve ter um som \u00e0 altura? Que me perdoem os que gostam de outros g\u00eaneros (que sequer vou citar aqui), mas de um modo geral creio que o estilo de m\u00fasica para <em>muscle cars<\/em> como os nossos est\u00e1 ligado primordialmente ao rock e ao blues, motivo pelo qual resolvi compartilhar um bocadinho do que tenho com voc\u00eas.<\/p>\n<p style=\"text-align: justify;\">\u00c9 l\u00f3gico que poderemos encontrar outros g\u00eaneros por aqui tamb\u00e9m &#8211; n\u00e3o sou t\u00e3o xiita assim. Mas vamos com calma. Esta p\u00e1gina ser\u00e1 regularmente atualizada de quando em quando sempre que sobrar tempo ou me der na telha ou, ainda, se algu\u00e9m der algum toque legal sobre alguma m\u00fasica que ainda n\u00e3o esteja na nossa lista.<\/p>\n<p style=\"text-align: justify;\">Ent\u00e3o passem por aqui de vez em sempre para se atualizarem, ok?<\/p>\n<p style=\"text-align: justify;\">Ali\u00e1s, antes que eu esque\u00e7a, a\u00ed vai uma dica: para <strong>salvar o arquivo MP3<\/strong> no seu computador, basta clicar no nome da m\u00fasica com o bot\u00e3o direito do mouse e, no menu que se abre, clicar novamente (agora com o bot\u00e3o esquerdo) na op\u00e7\u00e3o <em>&#8220;Salvar link como&#8221;<\/em>. Se o seu navegador for outro que n\u00e3o o Firefox, com certeza deve ter alguma op\u00e7\u00e3o parecida&#8230;<\/p>\n<p style=\"text-align: justify;\">Divirtam-se!<\/p>\n<hr \/>\n<p style=\"text-align: center;\"><strong><u>LADO A<\/u> &#8211; M\u00fasicas de l\u00e1<\/strong><\/p>\n<p><strong>001.<\/strong> <a href=\"http:\/\/www.legal.adv.br\/projeto676\/audio\/a001.born_to_be_wild-steppenwolf.mp3\" target=\"_blank\" rel=\"noopener noreferrer\">Bor to be wild<\/a> &#8211; Steepenwolf<br \/>\n<!--[if lt IE 9]><script>document.createElement('audio');<\/script><![endif]-->\n<audio class=\"wp-audio-shortcode\" id=\"audio-1411-1\" preload=\"none\" style=\"width: 100%;\" controls=\"controls\"><source type=\"audio\/mpeg\" src=\"http:\/\/www.legal.adv.br\/projeto676\/audio\/a001.born_to_be_wild-steppenwolf.mp3?_=1\" \/><a href=\"http:\/\/www.legal.adv.br\/projeto676\/audio\/a001.born_to_be_wild-steppenwolf.mp3\">http:\/\/www.legal.adv.br\/projeto676\/audio\/a001.born_to_be_wild-steppenwolf.mp3<\/a><\/audio><\/p>\n<p style=\"text-align: justify;\">\n<small>Rock &amp; Roll &#8211; 1968<\/small><br \/>\n<small>\u00c9 a can\u00e7\u00e3o de maior sucesso da banda de rock <em>Steppenwolf<\/em>, formada em 1967 e composta em 1968. Conhecida pelo seu cl\u00e1ssico riff, \u00e9 considerada um dos maiores hinos do rock&#8217;n&#8217;roll dos motociclistas de todo o mundo. A can\u00e7\u00e3o foi usada como tema do filme <em>Easy Rider<\/em>.<\/small><\/p>\n<p><strong>002.<\/strong> <a href=\"http:\/\/www.legal.adv.br\/projeto676\/audio\/a002.bad_to_the_bone-george_thorogood.mp3\" target=\"_blank\" rel=\"noopener noreferrer\">Bad to the bone<\/a> &#8211; George Thorogood<br \/>\n<audio class=\"wp-audio-shortcode\" id=\"audio-1411-2\" preload=\"none\" style=\"width: 100%;\" controls=\"controls\"><source type=\"audio\/mpeg\" src=\"http:\/\/www.legal.adv.br\/projeto676\/audio\/a002.bad_to_the_bone-george_thorogood.mp3?_=2\" \/><a href=\"http:\/\/www.legal.adv.br\/projeto676\/audio\/a002.bad_to_the_bone-george_thorogood.mp3\">http:\/\/www.legal.adv.br\/projeto676\/audio\/a002.bad_to_the_bone-george_thorogood.mp3<\/a><\/audio><\/p>\n<p style=\"text-align: justify;\"><small>Rock &amp; Roll \/ Blues &#8211; 1982<\/small><br \/>\n<small>Esta m\u00fasica \u00e9 de <em>George Thorogood and the Destroyers<\/em>, divulgada em 1982 com \u00e1lbum de mesmo nome. Do g\u00eanero blues e rock, foi gravada pela Emi America e escrita por Billy Gibbons, tendo ficado conhecida pelo filme de terror Christine (1983).<\/small><\/p>\n<p><strong>003.<\/strong> <a href=\"http:\/\/www.legal.adv.br\/projeto676\/audio\/a003.gasoline-kicking_harold.mp3\" target=\"_blank\" rel=\"noopener noreferrer\">Gasoline<\/a> &#8211; Kicking Harold<br \/>\n<audio class=\"wp-audio-shortcode\" id=\"audio-1411-3\" preload=\"none\" style=\"width: 100%;\" controls=\"controls\"><source type=\"audio\/mpeg\" src=\"http:\/\/www.legal.adv.br\/projeto676\/audio\/a003.gasoline-kicking_harold.mp3?_=3\" \/><a href=\"http:\/\/www.legal.adv.br\/projeto676\/audio\/a003.gasoline-kicking_harold.mp3\">http:\/\/www.legal.adv.br\/projeto676\/audio\/a003.gasoline-kicking_harold.mp3<\/a><\/audio><\/p>\n<p style=\"text-align: justify;\"><small>Alternative Hard Rock &#8211; 2002<\/small><br \/>\n<small>A banda <em>Kicking Harold<\/em> foi formada por volta de 1990, em Los Angeles, California. Em especial sua m\u00fasica <em>Gasoline<\/em> ficou famosa por ser o tema do programa <em>Overhaulin&#8217;<\/em>, uma esp\u00e9cie de <em>reality show<\/em> automobil\u00edstico.<\/small><\/p>\n<p><strong>004.<\/strong> <a href=\"http:\/\/www.legal.adv.br\/projeto676\/audio\/a004.hit_the_road_jack-ray_charles.mp3\" target=\"_blank\" rel=\"noopener noreferrer\">Hit the road Jack<\/a> &#8211; Ray Charles<br \/>\n<audio class=\"wp-audio-shortcode\" id=\"audio-1411-4\" preload=\"none\" style=\"width: 100%;\" controls=\"controls\"><source type=\"audio\/mpeg\" src=\"http:\/\/www.legal.adv.br\/projeto676\/audio\/a004.hit_the_road_jack-ray_charles.mp3?_=4\" \/><a href=\"http:\/\/www.legal.adv.br\/projeto676\/audio\/a004.hit_the_road_jack-ray_charles.mp3\">http:\/\/www.legal.adv.br\/projeto676\/audio\/a004.hit_the_road_jack-ray_charles.mp3<\/a><\/audio><\/p>\n<p style=\"text-align: justify;\"><small>Rhythm and Blues &#8211; 1960<\/small><br \/>\n<small>Que se pode dizer de <em>Ray Charles<\/em>? Nasceu em 1930, faleceu em 2004 e, enquanto p\u00f4de, jamais deixou de tocar. Foi um pianista pioneiro e o cantor de m\u00fasica soul que ajudou a definir o seu formato ainda no fim dos anos 50, al\u00e9m de um inovador int\u00e9rprete de R&amp;B. De suas in\u00fameras m\u00fasicas de sucesso, n\u00e3o tem quem n\u00e3o ou\u00e7a <em>Hit the road Jack<\/em> sem se contagiar com o ritmo&#8230;<\/small><\/p>\n<p><strong>005.<\/strong> <a href=\"http:\/\/www.legal.adv.br\/projeto676\/audio\/a005.back_on_the_streets-saxon.mp3\" target=\"_blank\" rel=\"noopener noreferrer\">Back on the streets<\/a> &#8211; Saxon<br \/>\n<audio class=\"wp-audio-shortcode\" id=\"audio-1411-5\" preload=\"none\" style=\"width: 100%;\" controls=\"controls\"><source type=\"audio\/mpeg\" src=\"http:\/\/www.legal.adv.br\/projeto676\/audio\/a005.back_on_the_streets-saxon.mp3?_=5\" \/><a href=\"http:\/\/www.legal.adv.br\/projeto676\/audio\/a005.back_on_the_streets-saxon.mp3\">http:\/\/www.legal.adv.br\/projeto676\/audio\/a005.back_on_the_streets-saxon.mp3<\/a><\/audio><\/p>\n<p style=\"text-align: justify;\"><small>Heavy Metal &#8211; 1985<\/small><br \/>\n<small><em>Saxon<\/em> \u00e9 uma banda inglesa de Heavy Metal que existe desde 1976. Ainda que a maioria das m\u00fasicas voltadas ao &#8220;mundo automobil\u00edstico&#8221; estejam no \u00e1lbum <em>Wheels of Steel<\/em>, de 1980, essa em particular, sempre que ou\u00e7o, me faz querer terminar logo a reforma&#8230;<\/small><\/p>\n<p><strong>006.<\/strong> <a href=\"http:\/\/www.legal.adv.br\/projeto676\/audio\/a006.back_in_black-acdc.mp3\" target=\"_blank\" rel=\"noopener noreferrer\">Back in black<\/a> &#8211; AC\/DC<br \/>\n<audio class=\"wp-audio-shortcode\" id=\"audio-1411-6\" preload=\"none\" style=\"width: 100%;\" controls=\"controls\"><source type=\"audio\/mpeg\" src=\"http:\/\/www.legal.adv.br\/projeto676\/audio\/a006.back_in_black-acdc.mp3?_=6\" \/><a href=\"http:\/\/www.legal.adv.br\/projeto676\/audio\/a006.back_in_black-acdc.mp3\">http:\/\/www.legal.adv.br\/projeto676\/audio\/a006.back_in_black-acdc.mp3<\/a><\/audio><\/p>\n<p style=\"text-align: justify;\"><small>Hard Rock &#8211; 1980<\/small><br \/>\n<small>Preciso mesmo dizer quem \u00e9 o <em>AC\/DC<\/em>? Formada em 1973, essa banda australiana mistura, na minha opini\u00e3o, o melhor do rock, jazz, blues, heavy e sei l\u00e1 mais quantos outros estilos. Ainda que em seu repert\u00f3rio existam outras m\u00fasicas mais &#8220;apropriadas&#8221; ao nosso tema, essa m\u00fasica, <em>Back in black<\/em>, \u00e9 quase que a m\u00fasica-tema para a chegada daquele fant\u00e1stico Impala do seriado <em>Supernatural<\/em>! \ud83d\ude00<\/small><\/p>\n<p><strong>007.<\/strong> <a href=\"http:\/\/www.legal.adv.br\/projeto676\/audio\/a007.highway_to_hell-acdc.mp3\" target=\"_blank\" rel=\"noopener noreferrer\">Highway to Hell<\/a> &#8211; AC\/DC<br \/>\n<audio class=\"wp-audio-shortcode\" id=\"audio-1411-7\" preload=\"none\" style=\"width: 100%;\" controls=\"controls\"><source type=\"audio\/mpeg\" src=\"http:\/\/www.legal.adv.br\/projeto676\/audio\/a007.highway_to_hell-acdc.mp3?_=7\" \/><a href=\"http:\/\/www.legal.adv.br\/projeto676\/audio\/a007.highway_to_hell-acdc.mp3\">http:\/\/www.legal.adv.br\/projeto676\/audio\/a007.highway_to_hell-acdc.mp3<\/a><\/audio><\/p>\n<p style=\"text-align: justify;\"><small>Hard Rock &#8211; 1979<\/small><br \/>\n<small>Sim, <em>AC\/DC<\/em> de novo&#8230;<\/small><\/p>\n<p><strong>008.<\/strong> <a href=\"http:\/\/www.legal.adv.br\/projeto676\/audio\/a008.benzin-rammstein.mp3\" target=\"_blank\" rel=\"noopener noreferrer\">Benzin<\/a> &#8211; Rammstein<br \/>\n<audio class=\"wp-audio-shortcode\" id=\"audio-1411-8\" preload=\"none\" style=\"width: 100%;\" controls=\"controls\"><source type=\"audio\/mpeg\" src=\"http:\/\/www.legal.adv.br\/projeto676\/audio\/a008.benzin-rammstein.mp3?_=8\" \/><a href=\"http:\/\/www.legal.adv.br\/projeto676\/audio\/a008.benzin-rammstein.mp3\">http:\/\/www.legal.adv.br\/projeto676\/audio\/a008.benzin-rammstein.mp3<\/a><\/audio><\/p>\n<p style=\"text-align: justify;\"><small>Tanz Metall (?) &#8211; 2005<\/small><br \/>\n<small><em>(Colabora\u00e7\u00e3o do amigo e copoanheiro Sandino)<\/em> Em janeiro de 1994 nasceu a banda alem\u00e3 <em>Rammstein<\/em> (seja l\u00e1 como for que se pronuncie isso). Suas m\u00fasicas s\u00e3o na maioria em alem\u00e3o e podem ser classificadas sob os estilos rock, industrial metal, NDH e Heavy Metal. Mas isso \u00e9 incerto, pois procuram em cada \u00e1lbum fazer algo diferente do anterior, n\u00e3o mantendo um estilo &#8220;fixo&#8221;. Apesar da banda demonstrar brutalidade na sua imagem, h\u00e1 senso de humor e protesto pol\u00edtico nas letras.<\/small><\/p>\n<p><strong>009.<\/strong> <a href=\"http:\/\/www.legal.adv.br\/projeto676\/audio\/a009.peter_gunn_theme-the_blues_brothers_band.mp3\" target=\"_blank\" rel=\"noopener noreferrer\">Peter Gunn Theme<\/a> &#8211; The Blues Brothers Band<br \/>\n<audio class=\"wp-audio-shortcode\" id=\"audio-1411-9\" preload=\"none\" style=\"width: 100%;\" controls=\"controls\"><source type=\"audio\/mpeg\" src=\"http:\/\/www.legal.adv.br\/projeto676\/audio\/a009.peter_gunn_theme-the_blues_brothers_band.mp3?_=9\" \/><a href=\"http:\/\/www.legal.adv.br\/projeto676\/audio\/a009.peter_gunn_theme-the_blues_brothers_band.mp3\">http:\/\/www.legal.adv.br\/projeto676\/audio\/a009.peter_gunn_theme-the_blues_brothers_band.mp3<\/a><\/audio><\/p>\n<p style=\"text-align: justify;\"><small>Blues &#8211; 1980<\/small><br \/>\n<small>O filme <em>The Blues Brothers<\/em> (lan\u00e7ado em terras tupiniquins com o nada convidativo t\u00edtulo de &#8220;Os Irm\u00e3os Cara de Pau&#8221;) \u00e9 uma p\u00e9rola de humor nonsense de musicalidade blues! J\u00e1 nos primeiros acordes da m\u00fasica <em>Peter Gunn Theme<\/em> \u00e9 poss\u00edvel lembrar do <em>Bluesm\u00f3vel<\/em>, um Dodge M\u00f4naco 1974, com motor V-8, na forma de um velho e deteriorado carro de pol\u00edcia&#8230;<\/small><\/p>\n<p><strong>010.<\/strong> <a href=\"http:\/\/www.legal.adv.br\/projeto676\/audio\/a010.alabama_shakes-heavy_chevy.mp3\" target=\"_blank\" rel=\"noopener noreferrer\">Heavy Chevy<\/a> &#8211; Alabama Shakes<br \/>\n<audio class=\"wp-audio-shortcode\" id=\"audio-1411-10\" preload=\"none\" style=\"width: 100%;\" controls=\"controls\"><source type=\"audio\/mpeg\" src=\"http:\/\/www.legal.adv.br\/projeto676\/audio\/a010.alabama_shakes-heavy_chevy.mp3?_=10\" \/><a href=\"http:\/\/www.legal.adv.br\/projeto676\/audio\/a010.alabama_shakes-heavy_chevy.mp3\">http:\/\/www.legal.adv.br\/projeto676\/audio\/a010.alabama_shakes-heavy_chevy.mp3<\/a><\/audio><\/p>\n<p style=\"text-align: justify;\"><small>Root Rock &#8211; 2012<\/small><br \/>\n<small>Formada em 2009, a banda <em>Alabama Shakes<\/em> iniciou buscando um vi\u00e9s no rock progressivo, mas acabou se aprofundando noutro g\u00eanero conhecido como &#8220;root rock&#8221;, originalmente fazendo cover de Led Zeppelin, James Brown, Otis Redding e AC\/DC.<\/small><\/p>\n<p><strong>011.<\/strong> <a href=\"http:\/\/www.legal.adv.br\/projeto676\/audio\/a011.joe_satriani-surfing_with_the_alien.mp3\" target=\"_blank\" rel=\"noopener noreferrer\">Surfing with the Alien<\/a> &#8211; Joe Satriani<br \/>\n<audio class=\"wp-audio-shortcode\" id=\"audio-1411-11\" preload=\"none\" style=\"width: 100%;\" controls=\"controls\"><source type=\"audio\/mpeg\" src=\"http:\/\/www.legal.adv.br\/projeto676\/audio\/a011.joe_satriani-surfing_with_the_alien.mp3?_=11\" \/><a href=\"http:\/\/www.legal.adv.br\/projeto676\/audio\/a011.joe_satriani-surfing_with_the_alien.mp3\">http:\/\/www.legal.adv.br\/projeto676\/audio\/a011.joe_satriani-surfing_with_the_alien.mp3<\/a><\/audio><\/p>\n<p style=\"text-align: justify;\"><small>Rock &#8211; 1987<\/small><br \/>\n<small><em>(Colabora\u00e7\u00e3o do amigo e copoanheiro Ivan)<\/em> E por que essa m\u00fasica faria parte de nossa colet\u00e2nea? Simples. \u00c9 uma homenagem do guitarrista <em>Joe Satriani<\/em> a um famoso personagem alien\u00edgena das hist\u00f3rias em quadrinhos do Universo Marvel: o Surfista Prateado (Silver Surfer) &#8211; viajante espacial, aventureiro e fil\u00f3sofo c\u00f3smico. Exatamente como muitos Opaleiros que conhe\u00e7o&#8230;<\/small><\/p>\n<hr \/>\n<p style=\"text-align: center;\"><strong><u>LADO B<\/u> &#8211; M\u00fasicas de c\u00e1<\/strong><\/p>\n<p><strong>001.<\/strong> <a href=\"http:\/\/www.legal.adv.br\/projeto676\/audio\/b001.garagem_bluseira-velho_opalao.mp3\" target=\"_blank\" rel=\"noopener noreferrer\">Velho Opal\u00e3o<\/a> &#8211; Garagem Bluseira<br \/>\n<audio class=\"wp-audio-shortcode\" id=\"audio-1411-12\" preload=\"none\" style=\"width: 100%;\" controls=\"controls\"><source type=\"audio\/mpeg\" src=\"http:\/\/www.legal.adv.br\/projeto676\/audio\/b001.garagem_bluseira-velho_opalao.mp3?_=12\" \/><a href=\"http:\/\/www.legal.adv.br\/projeto676\/audio\/b001.garagem_bluseira-velho_opalao.mp3\">http:\/\/www.legal.adv.br\/projeto676\/audio\/b001.garagem_bluseira-velho_opalao.mp3<\/a><\/audio><\/p>\n<p style=\"text-align: justify;\"><small>Blues &#8211; 2008<\/small><br \/>\n<small><em>Garagem Bluseira<\/em>: nascida em meados de 2005, define-se como uma roda de amigos, os doze compassos do blues, o som quente das v\u00e1lvulas, o tempero da gaita, o grito da guitarra, o timbre do baixo, o peso da bateria, a poesia do Johnny, o humor do Ney, o ritmo de vida do Denny, a dedica\u00e7\u00e3o do Xand\u00e3o.<\/small><\/p>\n<p><strong>002.<\/strong> <a href=\"http:\/\/www.legal.adv.br\/projeto676\/audio\/b002.opala_marrom-zero_ora.mp3\" target=\"_blank\" rel=\"noopener noreferrer\">Opala Marrom<\/a> &#8211; Zero Ora!<br \/>\n<audio class=\"wp-audio-shortcode\" id=\"audio-1411-13\" preload=\"none\" style=\"width: 100%;\" controls=\"controls\"><source type=\"audio\/mpeg\" src=\"http:\/\/www.legal.adv.br\/projeto676\/audio\/b002.opala_marrom-zero_ora.mp3?_=13\" \/><a href=\"http:\/\/www.legal.adv.br\/projeto676\/audio\/b002.opala_marrom-zero_ora.mp3\">http:\/\/www.legal.adv.br\/projeto676\/audio\/b002.opala_marrom-zero_ora.mp3<\/a><\/audio><\/p>\n<p style=\"text-align: justify;\"><small>Rock &amp; Roll &#8211; 2007<\/small><br \/>\n<small>A banda <em>Zero Ora!<\/em> foi formada l\u00e1 por 2003, numa busca de, aos poucos conquistar seu espa\u00e7o com sua m\u00fasica vibrante, repleta de letras irreverentes e, ao mesmo tempo, s\u00f3brias e detalhadamente arranjadas. Composta pelo baterista Hudson, o baixista Maxuel , o guitarrista J\u00fanior e o vocalista Jefferson, a banda bebeu da nascente turva de velhos blues, evoluindo para composi\u00e7\u00f5es pr\u00f3prias, com arranjos elaborados e algumas letras que mesclam sutileza e rebeldia.<\/small><\/p>\n<p><strong>003.<\/strong> <a href=\"http:\/\/www.legal.adv.br\/projeto676\/audio\/b003.dezesseis-legiao_urbana.mp3\" target=\"_blank\" rel=\"noopener noreferrer\">Dezesseis<\/a> &#8211; Legi\u00e3o Urbana<br \/>\n<audio class=\"wp-audio-shortcode\" id=\"audio-1411-14\" preload=\"none\" style=\"width: 100%;\" controls=\"controls\"><source type=\"audio\/mpeg\" src=\"http:\/\/www.legal.adv.br\/projeto676\/audio\/b003.dezesseis-legiao_urbana.mp3?_=14\" \/><a href=\"http:\/\/www.legal.adv.br\/projeto676\/audio\/b003.dezesseis-legiao_urbana.mp3\">http:\/\/www.legal.adv.br\/projeto676\/audio\/b003.dezesseis-legiao_urbana.mp3<\/a><\/audio><\/p>\n<p style=\"text-align: justify;\"><small>Rock &#8211; 1996<\/small><br \/>\n<small>Bem, o <em>Legi\u00e3o Urbana<\/em> certamente dispensa apresenta\u00e7\u00f5es. Basta saber que sua primeira forma\u00e7\u00e3o &#8211; j\u00e1 com Renato Russo &#8211; remonta a agosto de 1982. E, em especial, j\u00e1 passa a fazer parte dessa nossa colet\u00e2nea a m\u00fasica <em>Dezesseis<\/em>, que trata especificamente do &#8220;Opala Azul do Johnny&#8221;&#8230;<\/small><\/p>\n<p><strong>004.<\/strong> <a href=\"http:\/\/www.legal.adv.br\/projeto676\/audio\/b004.pe_na_estrada-mo_horizons.mp3\" target=\"_blank\" rel=\"noopener noreferrer\">P\u00e9 na Estrada (Hit the road Jack)<\/a> &#8211; Mo&#8217;Horizons<br \/>\n<audio class=\"wp-audio-shortcode\" id=\"audio-1411-15\" preload=\"none\" style=\"width: 100%;\" controls=\"controls\"><source type=\"audio\/mpeg\" src=\"http:\/\/www.legal.adv.br\/projeto676\/audio\/b004.pe_na_estrada-mo_horizons.mp3?_=15\" \/><a href=\"http:\/\/www.legal.adv.br\/projeto676\/audio\/b004.pe_na_estrada-mo_horizons.mp3\">http:\/\/www.legal.adv.br\/projeto676\/audio\/b004.pe_na_estrada-mo_horizons.mp3<\/a><\/audio><\/p>\n<p style=\"text-align: justify;\"><small>Rhythm and Blues? &#8211; 2000<\/small><br \/>\n<small><em>Mo&#8217;Horizons<\/em> \u00e9 formado por uma dupla de DJs de Hannover, Alemanha. Segundo os pr\u00f3prios, sua m\u00fasica \u00e9 um mix de downtempo, acid-jazz, nu jazz, soul, funk, dub, trip hop, big beat, bossa nova, boogaloo e drum&#8217;n&#8217;bass. Ufa! Em especial essa (re)interpreta\u00e7\u00e3o de <em>Hit the road Jack<\/em> foi muito feliz!<\/small><\/p>\n<p><strong>005.<\/strong> <a href=\"http:\/\/www.legal.adv.br\/projeto676\/audio\/b005.simca_chambord-camisa_de_venus.mp3\" target=\"_blank\" rel=\"noopener noreferrer\">Simca Chambord<\/a> &#8211; Camisa de V\u00eanus<br \/>\n<audio class=\"wp-audio-shortcode\" id=\"audio-1411-16\" preload=\"none\" style=\"width: 100%;\" controls=\"controls\"><source type=\"audio\/mpeg\" src=\"http:\/\/www.legal.adv.br\/projeto676\/audio\/\/audio\/b005.simca_chambord-camisa_de_venus.mp3?_=16\" \/><a href=\"http:\/\/www.legal.adv.br\/projeto676\/audio\/\/audio\/b005.simca_chambord-camisa_de_venus.mp3\">http:\/\/www.legal.adv.br\/projeto676\/audio\/\/audio\/b005.simca_chambord-camisa_de_venus.mp3<\/a><\/audio><\/p>\n<p style=\"text-align: justify;\"><small>Rock &#8211; 1986<\/small><br \/>\n<small>Formada por Marcelo Nova em 1980, em Salvador, a banda <em>Camisa de V\u00eanus<\/em> foi batizada com esse nome numa correla\u00e7\u00e3o direta com a opini\u00e3o dada sobre a pr\u00f3pria m\u00fasica que faziam, cujos primeiros ouvintes achavam que era muito inc\u00f4moda&#8230;<\/small><\/p>\n<p><strong>006.<\/strong> <a href=\"http:\/\/www.legal.adv.br\/projeto676\/audio\/b006.trem_da_viracao-um_novo_brasil.mp3\" target=\"_blank\" rel=\"noopener noreferrer\">Um novo Brasil<\/a> &#8211; Trem da Vira\u00e7\u00e3o<br \/>\n<audio class=\"wp-audio-shortcode\" id=\"audio-1411-17\" preload=\"none\" style=\"width: 100%;\" controls=\"controls\"><source type=\"audio\/mpeg\" src=\"http:\/\/www.legal.adv.br\/projeto676\/audio\/b006.trem_da_viracao-um_novo_brasil.mp3?_=17\" \/><a href=\"http:\/\/www.legal.adv.br\/projeto676\/audio\/b006.trem_da_viracao-um_novo_brasil.mp3\">http:\/\/www.legal.adv.br\/projeto676\/audio\/b006.trem_da_viracao-um_novo_brasil.mp3<\/a><\/audio><\/p>\n<p style=\"text-align: justify;\"><small>Regional &#8211; 2008<\/small><br \/>\n<small>Com m\u00fasicas regionais c\u00e1 do Vale do Para\u00edba, em S\u00e3o Paulo, o <em>Trem da Vira\u00e7\u00e3o<\/em> conta hist\u00f3rias e est\u00f3rias de uma maneira \u00fanica e muito bem humorada. Esta, por exemplo, de autoria do amigo <em>D\u00e9o Lopes<\/em> fala dos caboclos que se assustaram com a chegada de uma m\u00e1quina infernal que assustou a todos: um Ford Bigode&#8230;<\/small><\/p>\n<p><strong>007.<\/strong> <a href=\"http:\/\/www.legal.adv.br\/projeto676\/audio\/b007.mordendo_asfalto_vivo-zero_ora.mp3\" target=\"_blank\" rel=\"noopener noreferrer\">Mordendo asfalto vivo<\/a> &#8211; Zero Ora!<br \/>\n<audio class=\"wp-audio-shortcode\" id=\"audio-1411-18\" preload=\"none\" style=\"width: 100%;\" controls=\"controls\"><source type=\"audio\/mpeg\" src=\"http:\/\/www.legal.adv.br\/projeto676\/audio\/b007.mordendo_asfalto_vivo-zero_ora.mp3?_=18\" \/><a href=\"http:\/\/www.legal.adv.br\/projeto676\/audio\/b007.mordendo_asfalto_vivo-zero_ora.mp3\">http:\/\/www.legal.adv.br\/projeto676\/audio\/b007.mordendo_asfalto_vivo-zero_ora.mp3<\/a><\/audio><\/p>\n<p style=\"text-align: justify;\"><small>Rock &amp; Roll &#8211; 2007<\/small><br \/>\n<small>Mais uma da banda <em>Zero Ora!<\/em> esbanjando gaita para todos os lados!<\/small><\/p>\n<p><strong>008.<\/strong> <a href=\"http:\/\/www.legal.adv.br\/projeto676\/audio\/b008.sa_rodrix_e_guarabira-jesus_numa_moto.mp3\" target=\"_blank\" rel=\"noopener noreferrer\">Jesus numa moto<\/a> &#8211; S\u00e1, Rodrix &amp; Guarabira<br \/>\n<audio class=\"wp-audio-shortcode\" id=\"audio-1411-19\" preload=\"none\" style=\"width: 100%;\" controls=\"controls\"><source type=\"audio\/mpeg\" src=\"http:\/\/www.legal.adv.br\/projeto676\/audio\/b008.sa_rodrix_e_guarabira-jesus_numa_moto.mp3?_=19\" \/><a href=\"http:\/\/www.legal.adv.br\/projeto676\/audio\/b008.sa_rodrix_e_guarabira-jesus_numa_moto.mp3\">http:\/\/www.legal.adv.br\/projeto676\/audio\/b008.sa_rodrix_e_guarabira-jesus_numa_moto.mp3<\/a><\/audio><\/p>\n<p style=\"text-align: justify;\"><small>Rock Rural &#8211; 2001<\/small><br \/>\n<small><em>(Colabora\u00e7\u00e3o do amigo, afilhado e copoanheiro Bicarato)<\/em> <em>S\u00e1, Rodrix &amp; Guarabyra<\/em> foi um trio musical formado <em>Luiz Carlos S\u00e1<\/em>, <em>Z\u00e9 Rodrix<\/em> e <em>Guttemberg Guarabyra<\/em> no in\u00edcio da d\u00e9cada de 1970. Em 1973 Rodrix, cansado da vida de shows, estrada e hot\u00e9is, separou-se do grupo e seguiu carreira solo, enquanto S\u00e1 e Guarabyra permaneceram juntos, compondo o e gravando grandes sucessos nas d\u00e9cadas de 70 e 80. Em 2001 houve o retorno de Z\u00e9 Rodrix ao grupo, gerando o primeiro DVD do Trio: <em>Outra vez na estrada<\/em> com p\u00e9rolas musicais tais como essa que tem absolutamente tudo a ver com o esp\u00edrito de quem curte uma estrada&#8230;<\/small><\/p>\n","protected":false},"excerpt":{"rendered":"<p>Vamos combinar que Opala que \u00e9 Opala deve ter um som \u00e0 altura? Que me perdoem os que gostam de outros g\u00eaneros (que sequer vou citar aqui), mas de um modo geral creio que o estilo de m\u00fasica para muscle cars como os nossos est\u00e1 ligado primordialmente ao rock e ao blues, motivo pelo qual &hellip; <a href=\"https:\/\/legal.adv.br\/projeto676\/no-toca-fitas\/\" class=\"more-link\">Continue lendo<span class=\"screen-reader-text\"> &#8220;No toca-fitas&#8221;<\/span><\/a><\/p>\n","protected":false},"author":1,"featured_media":0,"parent":0,"menu_order":0,"comment_status":"open","ping_status":"open","template":"","meta":{"footnotes":""},"class_list":["post-1411","page","type-page","status-publish","hentry"],"_links":{"self":[{"href":"https:\/\/legal.adv.br\/projeto676\/wp-json\/wp\/v2\/pages\/1411","targetHints":{"allow":["GET"]}}],"collection":[{"href":"https:\/\/legal.adv.br\/projeto676\/wp-json\/wp\/v2\/pages"}],"about":[{"href":"https:\/\/legal.adv.br\/projeto676\/wp-json\/wp\/v2\/types\/page"}],"author":[{"embeddable":true,"href":"https:\/\/legal.adv.br\/projeto676\/wp-json\/wp\/v2\/users\/1"}],"replies":[{"embeddable":true,"href":"https:\/\/legal.adv.br\/projeto676\/wp-json\/wp\/v2\/comments?post=1411"}],"version-history":[{"count":0,"href":"https:\/\/legal.adv.br\/projeto676\/wp-json\/wp\/v2\/pages\/1411\/revisions"}],"wp:attachment":[{"href":"https:\/\/legal.adv.br\/projeto676\/wp-json\/wp\/v2\/media?parent=1411"}],"curies":[{"name":"wp","href":"https:\/\/api.w.org\/{rel}","templated":true}]}}