{"id":2258,"date":"2018-11-08T05:34:36","date_gmt":"2018-11-08T07:34:36","guid":{"rendered":"http:\/\/www.projeto676.com.br\/?page_id=2258"},"modified":"2018-11-08T05:34:36","modified_gmt":"2018-11-08T07:34:36","slug":"catalogo-de-pecas-e-acessorios","status":"publish","type":"page","link":"https:\/\/legal.adv.br\/projeto676\/catalogo-de-pecas-e-acessorios\/","title":{"rendered":"Cat\u00e1logo de Pe\u00e7as e Acess\u00f3rios"},"content":{"rendered":"<p align=\"justify\">Se voc\u00ea ainda tiver alguma d\u00favida de como montar sua m\u00e1quina, ent\u00e3o \u00e9 aqui que voc\u00ea vai tir\u00e1-la! Ainda que esta precisodade de Cat\u00e1logo de Pe\u00e7as e Acess\u00f3rios fa\u00e7a refer\u00eancia \u00e0 mais antiga linha do Opala, sua maior riqueza est\u00e1 contida no detalhamento dos desenhos e esquemas de montagem. Se voc\u00ea n\u00e3o \u00e9 um mec\u00e2nico nato (assim como eu) mas gosta de fu\u00e7ar e est\u00e1 sempre disposto a aprender (assim como eu), neste cat\u00e1logo voc\u00ea vai poder tanto aprender o que s\u00e3o determinadas pe\u00e7as, como tamb\u00e9m vai compreender como \u00e9 que elas se encaixam e est\u00e3o montadas dentro da estrutura do seu ve\u00edculo.<\/p>\n<p style=\"text-align: center;\"><img decoding=\"async\" class=\"aligncenter size-medium\" src=\"\/img\/refs\/capa_catalogo_chevrolet.jpg\" alt=\"\" width=\"500\" \/><\/p>\n<p>01 &#8211; <a href=\"http:\/\/www.legal.adv.br\/projeto676\/arq\/cat01-motor_e_embreagem.pdf\" target=\"_blank\" rel=\"noopener noreferrer\">Motor e Embreagem<\/a><br \/>\n02 &#8211; <a href=\"http:\/\/www.legal.adv.br\/projeto676\/arq\/cat02-arrefecimento_e_lubrificacao.pdf\" target=\"_blank\" rel=\"noopener noreferrer\">Arrefecimento e Lubrifica\u00e7\u00e3o<\/a><br \/>\n03 &#8211; <a href=\"http:\/\/www.legal.adv.br\/projeto676\/arq\/cat03-sistema_eletrico.pdf\" target=\"_blank\" rel=\"noopener noreferrer\">Sistema El\u00e9trico<\/a><br \/>\n04 &#8211; <a href=\"http:\/\/www.legal.adv.br\/projeto676\/arq\/cat04-alimentacao_e_escapamento.pdf\" target=\"_blank\" rel=\"noopener noreferrer\">Alimenta\u00e7\u00e3o e Escapamento<\/a><br \/>\n05 &#8211; <a href=\"http:\/\/www.legal.adv.br\/projeto676\/arq\/cat05-caixa_de_mudancas.pdf\" target=\"_blank\" rel=\"noopener noreferrer\">Caixa de Mudan\u00e7as<\/a><br \/>\n06 &#8211; <a href=\"http:\/\/www.legal.adv.br\/projeto676\/arq\/cat06-freio.pdf\" target=\"_blank\" rel=\"noopener noreferrer\">Freio<\/a><br \/>\n07 &#8211; <a href=\"http:\/\/www.legal.adv.br\/projeto676\/arq\/cat07-eixo_traseiro-arvore_de_transmissao-rodas.pdf\" target=\"_blank\" rel=\"noopener noreferrer\">Eixo Traseiro &#8211; \u00c1rvore de Transmiss\u00e3o &#8211; Rodas<\/a><br \/>\n08 &#8211; <a href=\"http:\/\/www.legal.adv.br\/projeto676\/arq\/cat08-eixo_dianteiro_e_direcao.pdf\" target=\"_blank\" rel=\"noopener noreferrer\">Eixo Dianteiro e Dire\u00e7\u00e3o<\/a><br \/>\n09 &#8211; <a href=\"http:\/\/www.legal.adv.br\/projeto676\/arq\/cat09-armacao_do_assoalho_e_suspensao_traseira.pdf\" target=\"_blank\" rel=\"noopener noreferrer\">Arma\u00e7\u00e3o do Assoalho e Suspens\u00e3o Traseira<\/a><br \/>\n10 &#8211; <a href=\"http:\/\/www.legal.adv.br\/projeto676\/arq\/cat10-chapas_metalicas.pdf\" target=\"_blank\" rel=\"noopener noreferrer\">Chapas Met\u00e1licas<\/a><br \/>\n11 &#8211; <a href=\"http:\/\/www.legal.adv.br\/projeto676\/arq\/cat11-painel_dos_instrumentos.pdf\" target=\"_blank\" rel=\"noopener noreferrer\">Painel de Instrumentos<\/a><br \/>\n12 &#8211; <a href=\"http:\/\/www.legal.adv.br\/projeto676\/arq\/cat12-para-brisa-portas-controles.pdf\" target=\"_blank\" rel=\"noopener noreferrer\">P\u00e1ra-brisa &#8211; Portas &#8211; Controles<\/a><br \/>\n13 &#8211; <a href=\"http:\/\/www.legal.adv.br\/projeto676\/arq\/cat13-vidro_traseiro_e_lanterna_do_teto.pdf\" target=\"_blank\" rel=\"noopener noreferrer\">Vidro Traseiro e Lanterna do Teto<\/a><br \/>\n14 &#8211; <a href=\"http:\/\/www.legal.adv.br\/projeto676\/arq\/cat14-carrocaria.pdf\" target=\"_blank\" rel=\"noopener noreferrer\">Carro\u00e7aria<\/a><br \/>\n15 &#8211; <a href=\"http:\/\/www.legal.adv.br\/projeto676\/arq\/cat15-revestimento_do_teto.pdf\" target=\"_blank\" rel=\"noopener noreferrer\">Revestimento do Teto<\/a><br \/>\n16 &#8211; <a href=\"http:\/\/www.legal.adv.br\/projeto676\/arq\/cat16-acabamento_interior.pdf\" target=\"_blank\" rel=\"noopener noreferrer\">Acabamento Interior<\/a><br \/>\n17 &#8211; <a href=\"http:\/\/www.legal.adv.br\/projeto676\/arq\/cat17-tapetes.pdf\" target=\"_blank\" rel=\"noopener noreferrer\">Tapetes<\/a><br \/>\n18 &#8211; <a href=\"http:\/\/www.legal.adv.br\/projeto676\/arq\/cat18-acessorios.pdf\" target=\"_blank\" rel=\"noopener noreferrer\">Acess\u00f3rios<\/a><br \/>\n19 &#8211; <a href=\"http:\/\/www.legal.adv.br\/projeto676\/arq\/cat19-tinta.pdf\" target=\"_blank\" rel=\"noopener noreferrer\">Tinta<\/a><br \/>\n20 &#8211; <a href=\"http:\/\/www.legal.adv.br\/projeto676\/arq\/cat20-codigos_de_pecas.pdf\" target=\"_blank\" rel=\"noopener noreferrer\">C\u00f3digo de Pe\u00e7as<\/a><br \/>\n21 &#8211; <a href=\"http:\/\/www.legal.adv.br\/projeto676\/arq\/cat21-circular_de_alteracoes.pdf\" target=\"_blank\" rel=\"noopener noreferrer\">Circular de Altera\u00e7\u00f5es<\/a><\/p>\n","protected":false},"excerpt":{"rendered":"<p>Se voc\u00ea ainda tiver alguma d\u00favida de como montar sua m\u00e1quina, ent\u00e3o \u00e9 aqui que voc\u00ea vai tir\u00e1-la! Ainda que esta precisodade de Cat\u00e1logo de Pe\u00e7as e Acess\u00f3rios fa\u00e7a refer\u00eancia \u00e0 mais antiga linha do Opala, sua maior riqueza est\u00e1 contida no detalhamento dos desenhos e esquemas de montagem. Se voc\u00ea n\u00e3o \u00e9 um mec\u00e2nico &hellip; <a href=\"https:\/\/legal.adv.br\/projeto676\/catalogo-de-pecas-e-acessorios\/\" class=\"more-link\">Continue lendo<span class=\"screen-reader-text\"> &#8220;Cat\u00e1logo de Pe\u00e7as e Acess\u00f3rios&#8221;<\/span><\/a><\/p>\n","protected":false},"author":1,"featured_media":0,"parent":0,"menu_order":0,"comment_status":"closed","ping_status":"closed","template":"","meta":{"footnotes":""},"class_list":["post-2258","page","type-page","status-publish","hentry"],"_links":{"self":[{"href":"https:\/\/legal.adv.br\/projeto676\/wp-json\/wp\/v2\/pages\/2258","targetHints":{"allow":["GET"]}}],"collection":[{"href":"https:\/\/legal.adv.br\/projeto676\/wp-json\/wp\/v2\/pages"}],"about":[{"href":"https:\/\/legal.adv.br\/projeto676\/wp-json\/wp\/v2\/types\/page"}],"author":[{"embeddable":true,"href":"https:\/\/legal.adv.br\/projeto676\/wp-json\/wp\/v2\/users\/1"}],"replies":[{"embeddable":true,"href":"https:\/\/legal.adv.br\/projeto676\/wp-json\/wp\/v2\/comments?post=2258"}],"version-history":[{"count":0,"href":"https:\/\/legal.adv.br\/projeto676\/wp-json\/wp\/v2\/pages\/2258\/revisions"}],"wp:attachment":[{"href":"https:\/\/legal.adv.br\/projeto676\/wp-json\/wp\/v2\/media?parent=2258"}],"curies":[{"name":"wp","href":"https:\/\/api.w.org\/{rel}","templated":true}]}}